{"id":2450,"date":"2023-02-01T14:58:49","date_gmt":"2023-02-01T14:58:49","guid":{"rendered":"https:\/\/insmetan.com.ar\/web\/?page_id=2450"},"modified":"2023-02-03T11:31:35","modified_gmt":"2023-02-03T11:31:35","slug":"servicio-de-auditorias-y-certificados","status":"publish","type":"page","link":"https:\/\/insmetan.com.ar\/web\/servicio-de-auditorias-y-certificados\/","title":{"rendered":"SERVICIO DE AUDITOR\u00cdAS Y CERTIFICADOS"},"content":{"rendered":"\t\t<div data-elementor-type=\"wp-page\" data-elementor-id=\"2450\" class=\"elementor elementor-2450\">\n\t\t\t\t\t\t<section class=\"elementor-section elementor-top-section elementor-element elementor-element-d51b193 elementor-section-boxed elementor-section-height-default elementor-section-height-default\" data-id=\"d51b193\" data-element_type=\"section\" data-e-type=\"section\">\n\t\t\t\t\t\t<div class=\"elementor-container elementor-column-gap-default\">\n\t\t\t\t\t<div class=\"elementor-column elementor-col-50 elementor-top-column elementor-element elementor-element-e45f64e\" data-id=\"e45f64e\" data-element_type=\"column\" data-e-type=\"column\">\n\t\t\t<div class=\"elementor-widget-wrap elementor-element-populated\">\n\t\t\t\t\t\t<div class=\"elementor-element elementor-element-b39981f elementor-widget elementor-widget-text-editor\" data-id=\"b39981f\" data-element_type=\"widget\" data-e-type=\"widget\" data-widget_type=\"text-editor.default\">\n\t\t\t\t<div class=\"elementor-widget-container\">\n\t\t\t\t\t\t\t\t\t<p>\u25a0 Seguridad y superficie.<br \/>\u25a0 Medici\u00f3n de puesta a tierra en tableros el\u00e9ctricos y tanques a\u00e9reos.<br \/>\u25a0 Erradicaci\u00f3n de tanques.<br \/>\u25a0 Certificado de hermeticidad de tanques.<br \/>\u25a0 Medici\u00f3n de protecci\u00f3n cat\u00f3dica.<br \/>\u25a0 Auditor\u00edas de seguridad y estanqueidad para veh\u00edculos.<br \/>\u25a0 Estudios de suelo y napa fre\u00e1tica. Determinaci\u00f3n de: TPH; BTEX y PAH<br \/>\u25a0 Avisos de inicio de obra en las municipalidades correspondientes.<br \/>\u25a0 Contamos con programas de seguridad y plan de tareas seguras para los trabajos.<br \/>\u25a0 Tomado de muestras de combustible y su posterior an\u00e1lisis en laboratorio.<\/p>\t\t\t\t\t\t\t\t<\/div>\n\t\t\t\t<\/div>\n\t\t\t\t\t<\/div>\n\t\t<\/div>\n\t\t\t\t<div class=\"elementor-column elementor-col-50 elementor-top-column elementor-element elementor-element-8fedfe0\" data-id=\"8fedfe0\" data-element_type=\"column\" data-e-type=\"column\">\n\t\t\t<div class=\"elementor-widget-wrap elementor-element-populated\">\n\t\t\t\t\t\t<div class=\"elementor-element elementor-element-02ec482 elementor-widget elementor-widget-image\" data-id=\"02ec482\" data-element_type=\"widget\" data-e-type=\"widget\" data-widget_type=\"image.default\">\n\t\t\t\t<div class=\"elementor-widget-container\">\n\t\t\t\t\t\t\t\t\t\t\t\t\t\t\t<img fetchpriority=\"high\" decoding=\"async\" width=\"600\" height=\"800\" src=\"https:\/\/insmetan.com.ar\/web\/wp-content\/uploads\/2023\/02\/auditoria_insmetan-1.png\" class=\"attachment-large size-large wp-image-2526\" alt=\"Servicio de auditorias\" srcset=\"https:\/\/insmetan.com.ar\/web\/wp-content\/uploads\/2023\/02\/auditoria_insmetan-1.png 600w, https:\/\/insmetan.com.ar\/web\/wp-content\/uploads\/2023\/02\/auditoria_insmetan-1-225x300.png 225w, https:\/\/insmetan.com.ar\/web\/wp-content\/uploads\/2023\/02\/auditoria_insmetan-1-504x672.png 504w\" sizes=\"(max-width: 600px) 100vw, 600px\" \/>\t\t\t\t\t\t\t\t\t\t\t\t\t\t\t<\/div>\n\t\t\t\t<\/div>\n\t\t\t\t\t<\/div>\n\t\t<\/div>\n\t\t\t\t\t<\/div>\n\t\t<\/section>\n\t\t\t\t<\/div>\n\t\t","protected":false},"excerpt":{"rendered":"<p>\u25a0 Seguridad y superficie.\u25a0 Medici\u00f3n de puesta a tierra en tableros el\u00e9ctricos y tanques a\u00e9reos.\u25a0 Erradicaci\u00f3n de tanques.\u25a0 Certificado de hermeticidad de tanques.\u25a0 Medici\u00f3n de protecci\u00f3n cat\u00f3dica.\u25a0 Auditor\u00edas de seguridad y estanqueidad para veh\u00edculos.\u25a0 Estudios de suelo y napa fre\u00e1tica. Determinaci\u00f3n de: TPH; BTEX y PAH\u25a0 Avisos de inicio de obra en las municipalidades correspondientes.\u25a0 [&hellip;]<\/p>\n","protected":false},"author":1,"featured_media":0,"parent":0,"menu_order":0,"comment_status":"closed","ping_status":"closed","template":"","meta":{"om_disable_all_campaigns":false,"_monsterinsights_skip_tracking":false,"_monsterinsights_sitenote_active":false,"_monsterinsights_sitenote_note":"","_monsterinsights_sitenote_category":0,"ocean_post_layout":"","ocean_both_sidebars_style":"","ocean_both_sidebars_content_width":0,"ocean_both_sidebars_sidebars_width":0,"ocean_sidebar":"0","ocean_second_sidebar":"0","ocean_disable_margins":"enable","ocean_add_body_class":"","ocean_shortcode_before_top_bar":"","ocean_shortcode_after_top_bar":"","ocean_shortcode_before_header":"","ocean_shortcode_after_header":"","ocean_has_shortcode":"","ocean_shortcode_after_title":"","ocean_shortcode_before_footer_widgets":"","ocean_shortcode_after_footer_widgets":"","ocean_shortcode_before_footer_bottom":"","ocean_shortcode_after_footer_bottom":"","ocean_display_top_bar":"default","ocean_display_header":"default","ocean_header_style":"","ocean_center_header_left_menu":"0","ocean_custom_header_template":"0","ocean_custom_logo":0,"ocean_custom_retina_logo":0,"ocean_custom_logo_max_width":0,"ocean_custom_logo_tablet_max_width":0,"ocean_custom_logo_mobile_max_width":0,"ocean_custom_logo_max_height":0,"ocean_custom_logo_tablet_max_height":0,"ocean_custom_logo_mobile_max_height":0,"ocean_header_custom_menu":"0","ocean_menu_typo_font_family":"0","ocean_menu_typo_font_subset":"","ocean_menu_typo_font_size":0,"ocean_menu_typo_font_size_tablet":0,"ocean_menu_typo_font_size_mobile":0,"ocean_menu_typo_font_size_unit":"px","ocean_menu_typo_font_weight":"","ocean_menu_typo_font_weight_tablet":"","ocean_menu_typo_font_weight_mobile":"","ocean_menu_typo_transform":"","ocean_menu_typo_transform_tablet":"","ocean_menu_typo_transform_mobile":"","ocean_menu_typo_line_height":0,"ocean_menu_typo_line_height_tablet":0,"ocean_menu_typo_line_height_mobile":0,"ocean_menu_typo_line_height_unit":"","ocean_menu_typo_spacing":0,"ocean_menu_typo_spacing_tablet":0,"ocean_menu_typo_spacing_mobile":0,"ocean_menu_typo_spacing_unit":"","ocean_menu_link_color":"","ocean_menu_link_color_hover":"","ocean_menu_link_color_active":"","ocean_menu_link_background":"","ocean_menu_link_hover_background":"","ocean_menu_link_active_background":"","ocean_menu_social_links_bg":"","ocean_menu_social_hover_links_bg":"","ocean_menu_social_links_color":"","ocean_menu_social_hover_links_color":"","ocean_disable_title":"default","ocean_disable_heading":"default","ocean_post_title":"","ocean_post_subheading":"","ocean_post_title_style":"","ocean_post_title_background_color":"","ocean_post_title_background":0,"ocean_post_title_bg_image_position":"","ocean_post_title_bg_image_attachment":"","ocean_post_title_bg_image_repeat":"","ocean_post_title_bg_image_size":"","ocean_post_title_height":0,"ocean_post_title_bg_overlay":0.5,"ocean_post_title_bg_overlay_color":"","ocean_disable_breadcrumbs":"default","ocean_breadcrumbs_color":"","ocean_breadcrumbs_separator_color":"","ocean_breadcrumbs_links_color":"","ocean_breadcrumbs_links_hover_color":"","ocean_display_footer_widgets":"default","ocean_display_footer_bottom":"default","ocean_custom_footer_template":"0","footnotes":""},"class_list":["post-2450","page","type-page","status-publish","hentry","entry","owp-thumbs-layout-horizontal","owp-btn-normal","owp-tabs-layout-horizontal","has-no-thumbnails","has-product-nav"],"aioseo_notices":[],"_links":{"self":[{"href":"https:\/\/insmetan.com.ar\/web\/wp-json\/wp\/v2\/pages\/2450","targetHints":{"allow":["GET"]}}],"collection":[{"href":"https:\/\/insmetan.com.ar\/web\/wp-json\/wp\/v2\/pages"}],"about":[{"href":"https:\/\/insmetan.com.ar\/web\/wp-json\/wp\/v2\/types\/page"}],"author":[{"embeddable":true,"href":"https:\/\/insmetan.com.ar\/web\/wp-json\/wp\/v2\/users\/1"}],"replies":[{"embeddable":true,"href":"https:\/\/insmetan.com.ar\/web\/wp-json\/wp\/v2\/comments?post=2450"}],"version-history":[{"count":8,"href":"https:\/\/insmetan.com.ar\/web\/wp-json\/wp\/v2\/pages\/2450\/revisions"}],"predecessor-version":[{"id":2529,"href":"https:\/\/insmetan.com.ar\/web\/wp-json\/wp\/v2\/pages\/2450\/revisions\/2529"}],"wp:attachment":[{"href":"https:\/\/insmetan.com.ar\/web\/wp-json\/wp\/v2\/media?parent=2450"}],"curies":[{"name":"wp","href":"https:\/\/api.w.org\/{rel}","templated":true}]}}