{"id":1387,"date":"2022-11-13T02:12:13","date_gmt":"2022-11-13T02:12:13","guid":{"rendered":"https:\/\/insmetan.com.ar\/web\/?post_type=product&#038;p=1387"},"modified":"2022-11-23T22:59:59","modified_gmt":"2022-11-23T22:59:59","slug":"estaciones-moviles-moss","status":"publish","type":"product","link":"https:\/\/insmetan.com.ar\/web\/producto\/estaciones-moviles-moss\/","title":{"rendered":"Estaciones M\u00f3viles MOSS"},"content":{"rendered":"<p>Sistema de tanque para Diesel con batea de contenci\u00f3n principal de 110% de capacidad del tanque, con batea secundaria para zona de operaci\u00f3n. Incluye:<\/p>\n<p>-Instalaci\u00f3n hidr\u00e1ulica, bomba de recepci\u00f3n con contenedor de derrames propio, base para surtidor<br \/>\n-Purga de batea de surtidor con v\u00e1lvula de drenaje para conexi\u00f3n a c\u00e1mara decantadora<br \/>\n-Batea delantera, para alojamiento de bombas, surtidor y zona de carga<br \/>\n-Purga de tanque ubicado detr\u00e1s del equipo<br \/>\n-Instalaci\u00f3n el\u00e9ctrica APE. Tablero el\u00e9ctrico principal, iluminaci\u00f3n, extintor, comando de v\u00e1lvulas externo<\/p>\n<p>&nbsp;<\/p>\n<p>Cada estaci\u00f3n est\u00e1 compuesta por un tanque simple pared a\u00e9reo de formato cil\u00edndrico horizontal; una batea de contenci\u00f3n principal con capacidad superior al 10% del volumen de almacenamiento total del tanque; y un kit de despacho en la parte frontal compuesto por una batea-isla de contenci\u00f3n cerrada, con estructura soporte para el equipo<br \/>\nde trasiego, despacho y accesorios de comando e iluminaci\u00f3n. Circuito el\u00e9ctrico con accesorios antiexplosivos (APE) certificados; dise\u00f1ado para ser alimentado con tensi\u00f3n nominal 220-380V\/50Hz..<\/p>\n<p>&nbsp;<\/p>\n<p>La estaci\u00f3n est\u00e1 dise\u00f1ada para el abastecimiento vehicular de combustible l\u00edquido clase II, DESTINADA AL CONSUMO PROPIO, para ser usada en industrias, empresas de transporte, compa\u00f1\u00edas viales, o alg\u00fan otro uso particular DISTINTO del correspondiente al expendio para abastecimiento de veh\u00edculos al p\u00fablico en general.<\/p>\n<p>Conexiones en Tanque: Llenado\/Succi\u00f3n, Drenaje, Venteo normal, Medidor de nivel, Control magn\u00e9tico de nivel y Telemedici\u00f3n (no incluye el equipo de telemedici\u00f3n).<\/p>\n<p>Conexiones en Batea: Llenado\/Succi\u00f3n, Drenaje de tanque y Drenaje de batea.<\/p>\n<p>Conexiones en Isla de despacho: Acople r\u00e1pido para manguera \u00d83\u2033, Purga; Rebalse, Datos de surtidor (no incluye circuito el\u00e9ctrico), y alimentaci\u00f3n el\u00e9ctrica general.<\/p>\n<p>Complementos: Boca de inspecci\u00f3n\/Venteo de emergencia, Balde anti-derrame o Spill Container con Acoples r\u00e1pido de manguera \u00d83\u2033, Tubo de venteo, C\u00e1ncamos de izaje, C\u00e1ncamos de amarre para transporte, Equipo de bombeo para llenado con bomba centr\u00edfuga (30m3\/h aprox.), Motor el\u00e9ctrico antiexplosivo (APE), Surtidor de combustible (*), Torre de iluminaci\u00f3n de Isla y Tablero de comando general con protecciones para motores y dem\u00e1s componentes.<\/p>\n<p>Equipamiento de seguridad: V\u00e1lvula solenoide o electro-v\u00e1lvula; Gabinete desmontable con Extintor Polvo BC 10kg; Visor de P\u00e9rdidas para Isla ; Parada de Emergencia, Control Magn\u00e9tico de Nivel; Elementos Gr\u00e1ficos de Se\u00f1ales, Instructivos de Funcionamiento, Advertencias y Peligros. Terminaci\u00f3n superficial exterior en tanque: Granallado met\u00e1lico, aplicaci\u00f3n de fondo epoxy y terminaci\u00f3n con esmalte poliuretano (blanco).<\/p>\n<p>Terminaci\u00f3n superficial exterior en batea e isla: Limpieza con fosfatizante, aplicaci\u00f3n de fondo epoxy y terminaci\u00f3n con esmalte poliuretano (blanco).<\/p>\n<p>Prueba de estanqueidad en tanque: Neum\u00e1tica a 0.38kg\/cm2. Fabricado bajo normas de calidad ISO 9001\/2008.<\/p>\n<p>En capacidades de 5.000 lts a 150.000 lts.<\/p>\n","protected":false},"excerpt":{"rendered":"<p>Sistema de tanque para Diesel con batea de contenci\u00f3n principal de 110% de capacidad del tanque, con batea secundaria para zona de operaci\u00f3n. Incluye: -Instalaci\u00f3n hidr\u00e1ulica, bomba de recepci\u00f3n con contenedor de derrames propio, base para surtidor -Purga de batea de surtidor con v\u00e1lvula de drenaje para conexi\u00f3n a c\u00e1mara decantadora -Batea delantera, para alojamiento [&hellip;]<\/p>\n","protected":false},"featured_media":1375,"comment_status":"closed","ping_status":"closed","template":"","meta":{"om_disable_all_campaigns":false,"_monsterinsights_skip_tracking":false,"_monsterinsights_sitenote_active":false,"_monsterinsights_sitenote_note":"","_monsterinsights_sitenote_category":0,"ocean_post_layout":"","ocean_both_sidebars_style":"","ocean_both_sidebars_content_width":0,"ocean_both_sidebars_sidebars_width":0,"ocean_sidebar":"0","ocean_second_sidebar":"0","ocean_disable_margins":"enable","ocean_add_body_class":"","ocean_shortcode_before_top_bar":"","ocean_shortcode_after_top_bar":"","ocean_shortcode_before_header":"","ocean_shortcode_after_header":"","ocean_has_shortcode":"","ocean_shortcode_after_title":"","ocean_shortcode_before_footer_widgets":"","ocean_shortcode_after_footer_widgets":"","ocean_shortcode_before_footer_bottom":"","ocean_shortcode_after_footer_bottom":"","ocean_display_top_bar":"default","ocean_display_header":"default","ocean_header_style":"","ocean_center_header_left_menu":"0","ocean_custom_header_template":"0","ocean_custom_logo":0,"ocean_custom_retina_logo":0,"ocean_custom_logo_max_width":0,"ocean_custom_logo_tablet_max_width":0,"ocean_custom_logo_mobile_max_width":0,"ocean_custom_logo_max_height":0,"ocean_custom_logo_tablet_max_height":0,"ocean_custom_logo_mobile_max_height":0,"ocean_header_custom_menu":"0","ocean_menu_typo_font_family":"0","ocean_menu_typo_font_subset":"","ocean_menu_typo_font_size":0,"ocean_menu_typo_font_size_tablet":0,"ocean_menu_typo_font_size_mobile":0,"ocean_menu_typo_font_size_unit":"px","ocean_menu_typo_font_weight":"","ocean_menu_typo_font_weight_tablet":"","ocean_menu_typo_font_weight_mobile":"","ocean_menu_typo_transform":"","ocean_menu_typo_transform_tablet":"","ocean_menu_typo_transform_mobile":"","ocean_menu_typo_line_height":0,"ocean_menu_typo_line_height_tablet":0,"ocean_menu_typo_line_height_mobile":0,"ocean_menu_typo_line_height_unit":"","ocean_menu_typo_spacing":0,"ocean_menu_typo_spacing_tablet":0,"ocean_menu_typo_spacing_mobile":0,"ocean_menu_typo_spacing_unit":"","ocean_menu_link_color":"","ocean_menu_link_color_hover":"","ocean_menu_link_color_active":"","ocean_menu_link_background":"","ocean_menu_link_hover_background":"","ocean_menu_link_active_background":"","ocean_menu_social_links_bg":"","ocean_menu_social_hover_links_bg":"","ocean_menu_social_links_color":"","ocean_menu_social_hover_links_color":"","ocean_disable_title":"default","ocean_disable_heading":"default","ocean_post_title":"","ocean_post_subheading":"","ocean_post_title_style":"","ocean_post_title_background_color":"","ocean_post_title_background":0,"ocean_post_title_bg_image_position":"","ocean_post_title_bg_image_attachment":"","ocean_post_title_bg_image_repeat":"","ocean_post_title_bg_image_size":"","ocean_post_title_height":0,"ocean_post_title_bg_overlay":0.5,"ocean_post_title_bg_overlay_color":"","ocean_disable_breadcrumbs":"default","ocean_breadcrumbs_color":"","ocean_breadcrumbs_separator_color":"","ocean_breadcrumbs_links_color":"","ocean_breadcrumbs_links_hover_color":"","ocean_display_footer_widgets":"default","ocean_display_footer_bottom":"default","ocean_custom_footer_template":"0"},"product_brand":[],"product_cat":[66],"product_tag":[79],"class_list":{"0":"post-1387","1":"product","2":"type-product","3":"status-publish","4":"has-post-thumbnail","6":"product_cat-tanques","7":"product_tag-tanques","9":"entry","10":"has-media","12":"first","13":"instock","14":"shipping-taxable","15":"purchasable","16":"product-type-simple","17":"has-product-nav","18":"col","19":"span_1_of_3","20":"owp-content-center","21":"owp-thumbs-layout-horizontal","22":"owp-btn-normal","23":"owp-tabs-layout-horizontal"},"aioseo_notices":[],"_links":{"self":[{"href":"https:\/\/insmetan.com.ar\/web\/wp-json\/wp\/v2\/product\/1387","targetHints":{"allow":["GET"]}}],"collection":[{"href":"https:\/\/insmetan.com.ar\/web\/wp-json\/wp\/v2\/product"}],"about":[{"href":"https:\/\/insmetan.com.ar\/web\/wp-json\/wp\/v2\/types\/product"}],"replies":[{"embeddable":true,"href":"https:\/\/insmetan.com.ar\/web\/wp-json\/wp\/v2\/comments?post=1387"}],"wp:featuredmedia":[{"embeddable":true,"href":"https:\/\/insmetan.com.ar\/web\/wp-json\/wp\/v2\/media\/1375"}],"wp:attachment":[{"href":"https:\/\/insmetan.com.ar\/web\/wp-json\/wp\/v2\/media?parent=1387"}],"wp:term":[{"taxonomy":"product_brand","embeddable":true,"href":"https:\/\/insmetan.com.ar\/web\/wp-json\/wp\/v2\/product_brand?post=1387"},{"taxonomy":"product_cat","embeddable":true,"href":"https:\/\/insmetan.com.ar\/web\/wp-json\/wp\/v2\/product_cat?post=1387"},{"taxonomy":"product_tag","embeddable":true,"href":"https:\/\/insmetan.com.ar\/web\/wp-json\/wp\/v2\/product_tag?post=1387"}],"curies":[{"name":"wp","href":"https:\/\/api.w.org\/{rel}","templated":true}]}}