{"id":1481,"date":"2022-11-14T16:49:39","date_gmt":"2022-11-14T16:49:39","guid":{"rendered":"https:\/\/insmetan.com.ar\/web\/?post_type=product&#038;p=1481"},"modified":"2022-11-22T15:39:17","modified_gmt":"2022-11-22T15:39:17","slug":"surtidor-diesel-con-software-para-gestion-de-datos-con-electrobomba-12vcc","status":"publish","type":"product","link":"https:\/\/insmetan.com.ar\/web\/producto\/surtidor-diesel-con-software-para-gestion-de-datos-con-electrobomba-12vcc\/","title":{"rendered":"Surtidor diesel con Software para Gesti\u00f3n de Datos &#8211; con Electrobomba 12VCC"},"content":{"rendered":"<p>El Surtidor di\u00e9sel es un equipo que cuya funci\u00f3n principal es el despacho de dicho combustible diesel. El equipo permite que su instalaci\u00f3n pueda ser tanto fija como de tipo m\u00f3vil.<\/p>\n<p>Adem\u00e1s de posibilitar la dosificaci\u00f3n de di\u00e9sel, el surtidor almacena informaci\u00f3n de utilidad para dar soporte a la toma de decisiones. Los datos recolectados pueden ser visualizados, editados y complementados en el sistema web que se acopla al producto; de esta manera, el usuario obtiene un control remoto y en tiempo real de las actividades de la organizaci\u00f3n, no solo en la cantidad de combustible despachado, sino tambi\u00e9n en costos, tareas y veh\u00edculos relacionados a los trabajos realizados.<\/p>\n<p>El tipo de informaci\u00f3n que brinda el equipo est\u00e1 principalmente orientada al control de stock y movimientos de combustible. Por ejemplo, es posible conocer en qu\u00e9 fecha se ingres\u00f3 di\u00e9sel al tanque principal y en que volumen, como as\u00ed tambi\u00e9n saber la fecha, ubicaci\u00f3n y cantidad de litros se trasvasaron de gasoil. Esta es la informaci\u00f3n m\u00e1s b\u00e1sica que brinda por defecto el sistema una vez asociado al equipo dispensador, pero si fuera de inter\u00e9s de la empresa se puede cargar m\u00e1s informaci\u00f3n y de esta manera obtener datos a\u00fan m\u00e1s detallados sobre los movimientos del di\u00e9sel ingresado a la organizaci\u00f3n.<\/p>\n<h4>\u00a0<strong>Caracter\u00edsticas t\u00e9cnicas<\/strong><\/h4>\n<ul>\n<li>Electrobomba autoaspirante para diesel<\/li>\n<li>Tipo: A paletas<\/li>\n<li>V\u00e1lvula bypass para uso cont\u00ednuo<\/li>\n<li>Caudal libre: 4000lt\/hs<\/li>\n<li>Altura de elevaci\u00f3n: 5m<\/li>\n<li>Altura de aspiraci\u00f3n: 1m<\/li>\n<li>Entrada y salida de fluido: 1\u00bb Gas<\/li>\n<li>Tensi\u00f3n: 12VCC<\/li>\n<li>Consumo m\u00e1ximo: 26A<\/li>\n<li>Modelos con filtro: GP-25A<\/li>\n<\/ul>\n<h4>\u00a0<strong>Caracter\u00edsticas del equipo<\/strong><\/h4>\n<ul>\n<li>Chasis en columna para fijaci\u00f3n directa en el suelo sin necesidad de bases o accesorios adicionales<\/li>\n<li>Cuerpo principal en acero inoxidable, puertas y cabezal en acero con pintura en poliuretano<\/li>\n<li>Tratamiento especial interior y exterior para proteger contra la corrosi\u00f3n.<\/li>\n<li>Resistente a la intemperie.<\/li>\n<\/ul>\n","protected":false},"excerpt":{"rendered":"<p>El Surtidor di\u00e9sel es un equipo que cuya funci\u00f3n principal es el despacho de dicho combustible diesel. El equipo permite que su instalaci\u00f3n pueda ser tanto fija como de tipo m\u00f3vil. Adem\u00e1s de posibilitar la dosificaci\u00f3n de di\u00e9sel, el surtidor almacena informaci\u00f3n de utilidad para dar soporte a la toma de decisiones. Los datos recolectados [&hellip;]<\/p>\n","protected":false},"featured_media":1482,"comment_status":"closed","ping_status":"closed","template":"","meta":{"om_disable_all_campaigns":false,"_monsterinsights_skip_tracking":false,"_monsterinsights_sitenote_active":false,"_monsterinsights_sitenote_note":"","_monsterinsights_sitenote_category":0,"ocean_post_layout":"","ocean_both_sidebars_style":"","ocean_both_sidebars_content_width":0,"ocean_both_sidebars_sidebars_width":0,"ocean_sidebar":"0","ocean_second_sidebar":"0","ocean_disable_margins":"enable","ocean_add_body_class":"","ocean_shortcode_before_top_bar":"","ocean_shortcode_after_top_bar":"","ocean_shortcode_before_header":"","ocean_shortcode_after_header":"","ocean_has_shortcode":"","ocean_shortcode_after_title":"","ocean_shortcode_before_footer_widgets":"","ocean_shortcode_after_footer_widgets":"","ocean_shortcode_before_footer_bottom":"","ocean_shortcode_after_footer_bottom":"","ocean_display_top_bar":"default","ocean_display_header":"default","ocean_header_style":"","ocean_center_header_left_menu":"0","ocean_custom_header_template":"0","ocean_custom_logo":0,"ocean_custom_retina_logo":0,"ocean_custom_logo_max_width":0,"ocean_custom_logo_tablet_max_width":0,"ocean_custom_logo_mobile_max_width":0,"ocean_custom_logo_max_height":0,"ocean_custom_logo_tablet_max_height":0,"ocean_custom_logo_mobile_max_height":0,"ocean_header_custom_menu":"0","ocean_menu_typo_font_family":"0","ocean_menu_typo_font_subset":"","ocean_menu_typo_font_size":0,"ocean_menu_typo_font_size_tablet":0,"ocean_menu_typo_font_size_mobile":0,"ocean_menu_typo_font_size_unit":"px","ocean_menu_typo_font_weight":"","ocean_menu_typo_font_weight_tablet":"","ocean_menu_typo_font_weight_mobile":"","ocean_menu_typo_transform":"","ocean_menu_typo_transform_tablet":"","ocean_menu_typo_transform_mobile":"","ocean_menu_typo_line_height":0,"ocean_menu_typo_line_height_tablet":0,"ocean_menu_typo_line_height_mobile":0,"ocean_menu_typo_line_height_unit":"","ocean_menu_typo_spacing":0,"ocean_menu_typo_spacing_tablet":0,"ocean_menu_typo_spacing_mobile":0,"ocean_menu_typo_spacing_unit":"","ocean_menu_link_color":"","ocean_menu_link_color_hover":"","ocean_menu_link_color_active":"","ocean_menu_link_background":"","ocean_menu_link_hover_background":"","ocean_menu_link_active_background":"","ocean_menu_social_links_bg":"","ocean_menu_social_hover_links_bg":"","ocean_menu_social_links_color":"","ocean_menu_social_hover_links_color":"","ocean_disable_title":"default","ocean_disable_heading":"default","ocean_post_title":"","ocean_post_subheading":"","ocean_post_title_style":"","ocean_post_title_background_color":"","ocean_post_title_background":0,"ocean_post_title_bg_image_position":"","ocean_post_title_bg_image_attachment":"","ocean_post_title_bg_image_repeat":"","ocean_post_title_bg_image_size":"","ocean_post_title_height":0,"ocean_post_title_bg_overlay":0.5,"ocean_post_title_bg_overlay_color":"","ocean_disable_breadcrumbs":"default","ocean_breadcrumbs_color":"","ocean_breadcrumbs_separator_color":"","ocean_breadcrumbs_links_color":"","ocean_breadcrumbs_links_hover_color":"","ocean_display_footer_widgets":"default","ocean_display_footer_bottom":"default","ocean_custom_footer_template":"0"},"product_brand":[],"product_cat":[64],"product_tag":[76],"class_list":{"0":"post-1481","1":"product","2":"type-product","3":"status-publish","4":"has-post-thumbnail","6":"product_cat-surtidores","7":"product_tag-surtidores","9":"entry","10":"has-media","12":"first","13":"instock","14":"shipping-taxable","15":"purchasable","16":"product-type-simple","17":"has-product-nav","18":"col","19":"span_1_of_3","20":"owp-content-center","21":"owp-thumbs-layout-horizontal","22":"owp-btn-normal","23":"owp-tabs-layout-horizontal","24":"has-no-thumbnails"},"aioseo_notices":[],"_links":{"self":[{"href":"https:\/\/insmetan.com.ar\/web\/wp-json\/wp\/v2\/product\/1481","targetHints":{"allow":["GET"]}}],"collection":[{"href":"https:\/\/insmetan.com.ar\/web\/wp-json\/wp\/v2\/product"}],"about":[{"href":"https:\/\/insmetan.com.ar\/web\/wp-json\/wp\/v2\/types\/product"}],"replies":[{"embeddable":true,"href":"https:\/\/insmetan.com.ar\/web\/wp-json\/wp\/v2\/comments?post=1481"}],"wp:featuredmedia":[{"embeddable":true,"href":"https:\/\/insmetan.com.ar\/web\/wp-json\/wp\/v2\/media\/1482"}],"wp:attachment":[{"href":"https:\/\/insmetan.com.ar\/web\/wp-json\/wp\/v2\/media?parent=1481"}],"wp:term":[{"taxonomy":"product_brand","embeddable":true,"href":"https:\/\/insmetan.com.ar\/web\/wp-json\/wp\/v2\/product_brand?post=1481"},{"taxonomy":"product_cat","embeddable":true,"href":"https:\/\/insmetan.com.ar\/web\/wp-json\/wp\/v2\/product_cat?post=1481"},{"taxonomy":"product_tag","embeddable":true,"href":"https:\/\/insmetan.com.ar\/web\/wp-json\/wp\/v2\/product_tag?post=1481"}],"curies":[{"name":"wp","href":"https:\/\/api.w.org\/{rel}","templated":true}]}}