{"id":1706,"date":"2022-11-24T12:00:19","date_gmt":"2022-11-24T12:00:19","guid":{"rendered":"https:\/\/insmetan.com.ar\/web\/?post_type=product&#038;p=1706"},"modified":"2022-11-24T16:46:58","modified_gmt":"2022-11-24T16:46:58","slug":"tanque-doble-pared-subterraneo","status":"publish","type":"product","link":"https:\/\/insmetan.com.ar\/web\/producto\/tanque-doble-pared-subterraneo\/","title":{"rendered":"Tanque Doble Pared Acero Subterr\u00e1neo Horizontal"},"content":{"rendered":"<p>Tanque doble pared (Acero \/ PRFV) subterr\u00e1neo de formato cil\u00edndrico horizontal, con dimensiones y espesor seg\u00fan lo indicado.<\/p>\n<p>Tanque primario construido con virolas de acero al carbono, ensamblado Off Setter y soldado exteriormente por proceso SAW. Tanque secundario realizado en PRFV con espacio intersticial entre tanques para detecci\u00f3n de p\u00e9rdidas del tanque primario. Provisto de cabezales pesta\u00f1eados tipo toriesf\u00e9ricos, domo std para soporte de contenedor antiderrame (Sump Riser), conexiones roscadas NPT\/BSP de 2 y 4\u2033 para carga, succi\u00f3n, recuperaci\u00f3n de gases, tele-medici\u00f3n, sensor de p\u00e9rdidas y medici\u00f3n manual. Tubos internos para las conexiones de carga y medici\u00f3n manual, c\u00e1ncamos de izaje, placa de identificaci\u00f3n y tapones provisorios para el transporte.<\/p>\n<p>Terminaci\u00f3n superficial exterior con proceso de granallado met\u00e1lico, aplicaci\u00f3n de material separador y pl\u00e1stico reforzado con fibra de vidrio (PRFV).<br \/>\nPrueba de estanqueidad hidr\u00e1ulica a 2kg\/cm2 durante 2 horas; y vac\u00edo intersticial hasta su instalaci\u00f3n en obra.<\/p>\n<p>Cumple con los requisitos del Decreto Nacional 2407 de la Secretar\u00eda de Energ\u00eda, UL-58 y UL-1746 (Underwriters Laboratories Inc.). Fabricado bajo normas de calidad ISO 9001\/2008. En capacidades de 5.000 lts a 150.000 lts.<\/p>\n","protected":false},"excerpt":{"rendered":"<p>Tanque doble pared (Acero \/ PRFV) subterr\u00e1neo de formato cil\u00edndrico horizontal, con dimensiones y espesor seg\u00fan lo indicado. Tanque primario construido con virolas de acero al carbono, ensamblado Off Setter y soldado exteriormente por proceso SAW. Tanque secundario realizado en PRFV con espacio intersticial entre tanques para detecci\u00f3n de p\u00e9rdidas del tanque primario. Provisto de [&hellip;]<\/p>\n","protected":false},"featured_media":1707,"comment_status":"closed","ping_status":"closed","template":"","meta":{"om_disable_all_campaigns":false,"_monsterinsights_skip_tracking":false,"_monsterinsights_sitenote_active":false,"_monsterinsights_sitenote_note":"","_monsterinsights_sitenote_category":0,"ocean_post_layout":"","ocean_both_sidebars_style":"","ocean_both_sidebars_content_width":0,"ocean_both_sidebars_sidebars_width":0,"ocean_sidebar":"0","ocean_second_sidebar":"0","ocean_disable_margins":"enable","ocean_add_body_class":"","ocean_shortcode_before_top_bar":"","ocean_shortcode_after_top_bar":"","ocean_shortcode_before_header":"","ocean_shortcode_after_header":"","ocean_has_shortcode":"","ocean_shortcode_after_title":"","ocean_shortcode_before_footer_widgets":"","ocean_shortcode_after_footer_widgets":"","ocean_shortcode_before_footer_bottom":"","ocean_shortcode_after_footer_bottom":"","ocean_display_top_bar":"default","ocean_display_header":"default","ocean_header_style":"","ocean_center_header_left_menu":"0","ocean_custom_header_template":"0","ocean_custom_logo":0,"ocean_custom_retina_logo":0,"ocean_custom_logo_max_width":0,"ocean_custom_logo_tablet_max_width":0,"ocean_custom_logo_mobile_max_width":0,"ocean_custom_logo_max_height":0,"ocean_custom_logo_tablet_max_height":0,"ocean_custom_logo_mobile_max_height":0,"ocean_header_custom_menu":"0","ocean_menu_typo_font_family":"0","ocean_menu_typo_font_subset":"","ocean_menu_typo_font_size":0,"ocean_menu_typo_font_size_tablet":0,"ocean_menu_typo_font_size_mobile":0,"ocean_menu_typo_font_size_unit":"px","ocean_menu_typo_font_weight":"","ocean_menu_typo_font_weight_tablet":"","ocean_menu_typo_font_weight_mobile":"","ocean_menu_typo_transform":"","ocean_menu_typo_transform_tablet":"","ocean_menu_typo_transform_mobile":"","ocean_menu_typo_line_height":0,"ocean_menu_typo_line_height_tablet":0,"ocean_menu_typo_line_height_mobile":0,"ocean_menu_typo_line_height_unit":"","ocean_menu_typo_spacing":0,"ocean_menu_typo_spacing_tablet":0,"ocean_menu_typo_spacing_mobile":0,"ocean_menu_typo_spacing_unit":"","ocean_menu_link_color":"","ocean_menu_link_color_hover":"","ocean_menu_link_color_active":"","ocean_menu_link_background":"","ocean_menu_link_hover_background":"","ocean_menu_link_active_background":"","ocean_menu_social_links_bg":"","ocean_menu_social_hover_links_bg":"","ocean_menu_social_links_color":"","ocean_menu_social_hover_links_color":"","ocean_disable_title":"default","ocean_disable_heading":"default","ocean_post_title":"","ocean_post_subheading":"","ocean_post_title_style":"","ocean_post_title_background_color":"","ocean_post_title_background":0,"ocean_post_title_bg_image_position":"","ocean_post_title_bg_image_attachment":"","ocean_post_title_bg_image_repeat":"","ocean_post_title_bg_image_size":"","ocean_post_title_height":0,"ocean_post_title_bg_overlay":0.5,"ocean_post_title_bg_overlay_color":"","ocean_disable_breadcrumbs":"default","ocean_breadcrumbs_color":"","ocean_breadcrumbs_separator_color":"","ocean_breadcrumbs_links_color":"","ocean_breadcrumbs_links_hover_color":"","ocean_display_footer_widgets":"default","ocean_display_footer_bottom":"default","ocean_custom_footer_template":"0"},"product_brand":[],"product_cat":[66],"product_tag":[79],"class_list":{"0":"post-1706","1":"product","2":"type-product","3":"status-publish","4":"has-post-thumbnail","6":"product_cat-tanques","7":"product_tag-tanques","9":"entry","10":"has-media","12":"first","13":"instock","14":"shipping-taxable","15":"purchasable","16":"product-type-simple","17":"has-product-nav","18":"col","19":"span_1_of_3","20":"owp-content-center","21":"owp-thumbs-layout-horizontal","22":"owp-btn-normal","23":"owp-tabs-layout-horizontal","24":"has-no-thumbnails"},"aioseo_notices":[],"_links":{"self":[{"href":"https:\/\/insmetan.com.ar\/web\/wp-json\/wp\/v2\/product\/1706","targetHints":{"allow":["GET"]}}],"collection":[{"href":"https:\/\/insmetan.com.ar\/web\/wp-json\/wp\/v2\/product"}],"about":[{"href":"https:\/\/insmetan.com.ar\/web\/wp-json\/wp\/v2\/types\/product"}],"replies":[{"embeddable":true,"href":"https:\/\/insmetan.com.ar\/web\/wp-json\/wp\/v2\/comments?post=1706"}],"wp:featuredmedia":[{"embeddable":true,"href":"https:\/\/insmetan.com.ar\/web\/wp-json\/wp\/v2\/media\/1707"}],"wp:attachment":[{"href":"https:\/\/insmetan.com.ar\/web\/wp-json\/wp\/v2\/media?parent=1706"}],"wp:term":[{"taxonomy":"product_brand","embeddable":true,"href":"https:\/\/insmetan.com.ar\/web\/wp-json\/wp\/v2\/product_brand?post=1706"},{"taxonomy":"product_cat","embeddable":true,"href":"https:\/\/insmetan.com.ar\/web\/wp-json\/wp\/v2\/product_cat?post=1706"},{"taxonomy":"product_tag","embeddable":true,"href":"https:\/\/insmetan.com.ar\/web\/wp-json\/wp\/v2\/product_tag?post=1706"}],"curies":[{"name":"wp","href":"https:\/\/api.w.org\/{rel}","templated":true}]}}