{"id":2031,"date":"2022-11-30T15:47:27","date_gmt":"2022-11-30T15:47:27","guid":{"rendered":"https:\/\/insmetan.com.ar\/web\/?post_type=product&#038;p=2031"},"modified":"2022-11-30T15:56:38","modified_gmt":"2022-11-30T15:56:38","slug":"electrobomba-20ma-centrifuga-autocebante","status":"publish","type":"product","link":"https:\/\/insmetan.com.ar\/web\/producto\/electrobomba-20ma-centrifuga-autocebante\/","title":{"rendered":"Electrobomba 20MA centr\u00edfuga autocebante"},"content":{"rendered":"<p><strong>Usos frecuentes<\/strong><br \/>\n\u2022 Piscinas<br \/>\n\u2022 Riegos<br \/>\n\u2022 Desagotes<br \/>\n\u2022 Trasvase de l\u00edquidos<\/p>\n<p><strong>Caracter\u00edsticas t\u00e9cnicas<\/strong><br \/>\n\u2022 Caudal: Aspirando y elevando 0,00 mts. hasta 50.000 L\/h.<br \/>\n\u2022 Elevaci\u00f3n m\u00e1xima: Aspirando de 0,00 m. hasta 22,00 m.<br \/>\n\u2022 Aspiracion: Hasta 7,00 m.<br \/>\n\u2022 Entrada: 2\u201d<br \/>\n\u2022 Salida: 2\u201d<br \/>\n\u2022 Potencia: 5\u00bd HP a 2.800 rpm.<\/p>\n<p><strong>Construcci\u00f3n<\/strong><br \/>\n\u2022 Cuerpo: Fundici\u00f3n bce. de Acero inoxidable (A pedido)<br \/>\n\u2022 Turbina: Fundici\u00f3n bce. de Acero inoxidable y aluminio (A pedido)<br \/>\n\u2022 Sello: Autom\u00e1tico autoajustable con asiento de porcelana, viton, etileno o nitrilo alto contenido<br \/>\n\u2022 Polea: 105 mm. 2c. \u201cB\u201d. Manch\u00f3n 100 mm. o eje libre<\/p>\n<p><strong>Consultar por otros modelos.<\/strong><\/p>\n","protected":false},"excerpt":{"rendered":"<p>Usos frecuentes \u2022 Piscinas \u2022 Riegos \u2022 Desagotes \u2022 Trasvase de l\u00edquidos Caracter\u00edsticas t\u00e9cnicas \u2022 Caudal: Aspirando y elevando 0,00 mts. hasta 50.000 L\/h. \u2022 Elevaci\u00f3n m\u00e1xima: Aspirando de 0,00 m. hasta 22,00 m. \u2022 Aspiracion: Hasta 7,00 m. \u2022 Entrada: 2\u201d \u2022 Salida: 2\u201d \u2022 Potencia: 5\u00bd HP a 2.800 rpm. Construcci\u00f3n \u2022 Cuerpo: [&hellip;]<\/p>\n","protected":false},"featured_media":2032,"comment_status":"closed","ping_status":"closed","template":"","meta":{"om_disable_all_campaigns":false,"_monsterinsights_skip_tracking":false,"_monsterinsights_sitenote_active":false,"_monsterinsights_sitenote_note":"","_monsterinsights_sitenote_category":0,"ocean_post_layout":"","ocean_both_sidebars_style":"","ocean_both_sidebars_content_width":0,"ocean_both_sidebars_sidebars_width":0,"ocean_sidebar":"0","ocean_second_sidebar":"0","ocean_disable_margins":"enable","ocean_add_body_class":"","ocean_shortcode_before_top_bar":"","ocean_shortcode_after_top_bar":"","ocean_shortcode_before_header":"","ocean_shortcode_after_header":"","ocean_has_shortcode":"","ocean_shortcode_after_title":"","ocean_shortcode_before_footer_widgets":"","ocean_shortcode_after_footer_widgets":"","ocean_shortcode_before_footer_bottom":"","ocean_shortcode_after_footer_bottom":"","ocean_display_top_bar":"default","ocean_display_header":"default","ocean_header_style":"","ocean_center_header_left_menu":"0","ocean_custom_header_template":"0","ocean_custom_logo":0,"ocean_custom_retina_logo":0,"ocean_custom_logo_max_width":0,"ocean_custom_logo_tablet_max_width":0,"ocean_custom_logo_mobile_max_width":0,"ocean_custom_logo_max_height":0,"ocean_custom_logo_tablet_max_height":0,"ocean_custom_logo_mobile_max_height":0,"ocean_header_custom_menu":"0","ocean_menu_typo_font_family":"0","ocean_menu_typo_font_subset":"","ocean_menu_typo_font_size":0,"ocean_menu_typo_font_size_tablet":0,"ocean_menu_typo_font_size_mobile":0,"ocean_menu_typo_font_size_unit":"px","ocean_menu_typo_font_weight":"","ocean_menu_typo_font_weight_tablet":"","ocean_menu_typo_font_weight_mobile":"","ocean_menu_typo_transform":"","ocean_menu_typo_transform_tablet":"","ocean_menu_typo_transform_mobile":"","ocean_menu_typo_line_height":0,"ocean_menu_typo_line_height_tablet":0,"ocean_menu_typo_line_height_mobile":0,"ocean_menu_typo_line_height_unit":"","ocean_menu_typo_spacing":0,"ocean_menu_typo_spacing_tablet":0,"ocean_menu_typo_spacing_mobile":0,"ocean_menu_typo_spacing_unit":"","ocean_menu_link_color":"","ocean_menu_link_color_hover":"","ocean_menu_link_color_active":"","ocean_menu_link_background":"","ocean_menu_link_hover_background":"","ocean_menu_link_active_background":"","ocean_menu_social_links_bg":"","ocean_menu_social_hover_links_bg":"","ocean_menu_social_links_color":"","ocean_menu_social_hover_links_color":"","ocean_disable_title":"default","ocean_disable_heading":"default","ocean_post_title":"","ocean_post_subheading":"","ocean_post_title_style":"","ocean_post_title_background_color":"","ocean_post_title_background":0,"ocean_post_title_bg_image_position":"","ocean_post_title_bg_image_attachment":"","ocean_post_title_bg_image_repeat":"","ocean_post_title_bg_image_size":"","ocean_post_title_height":0,"ocean_post_title_bg_overlay":0.5,"ocean_post_title_bg_overlay_color":"","ocean_disable_breadcrumbs":"default","ocean_breadcrumbs_color":"","ocean_breadcrumbs_separator_color":"","ocean_breadcrumbs_links_color":"","ocean_breadcrumbs_links_hover_color":"","ocean_display_footer_widgets":"default","ocean_display_footer_bottom":"default","ocean_custom_footer_template":"0"},"product_brand":[],"product_cat":[62],"product_tag":[74],"class_list":{"0":"post-2031","1":"product","2":"type-product","3":"status-publish","4":"has-post-thumbnail","6":"product_cat-bombas","7":"product_tag-bombas","9":"entry","10":"has-media","12":"first","13":"instock","14":"shipping-taxable","15":"purchasable","16":"product-type-simple","17":"has-product-nav","18":"col","19":"span_1_of_3","20":"owp-content-center","21":"owp-thumbs-layout-horizontal","22":"owp-btn-normal","23":"owp-tabs-layout-horizontal"},"aioseo_notices":[],"_links":{"self":[{"href":"https:\/\/insmetan.com.ar\/web\/wp-json\/wp\/v2\/product\/2031","targetHints":{"allow":["GET"]}}],"collection":[{"href":"https:\/\/insmetan.com.ar\/web\/wp-json\/wp\/v2\/product"}],"about":[{"href":"https:\/\/insmetan.com.ar\/web\/wp-json\/wp\/v2\/types\/product"}],"replies":[{"embeddable":true,"href":"https:\/\/insmetan.com.ar\/web\/wp-json\/wp\/v2\/comments?post=2031"}],"wp:featuredmedia":[{"embeddable":true,"href":"https:\/\/insmetan.com.ar\/web\/wp-json\/wp\/v2\/media\/2032"}],"wp:attachment":[{"href":"https:\/\/insmetan.com.ar\/web\/wp-json\/wp\/v2\/media?parent=2031"}],"wp:term":[{"taxonomy":"product_brand","embeddable":true,"href":"https:\/\/insmetan.com.ar\/web\/wp-json\/wp\/v2\/product_brand?post=2031"},{"taxonomy":"product_cat","embeddable":true,"href":"https:\/\/insmetan.com.ar\/web\/wp-json\/wp\/v2\/product_cat?post=2031"},{"taxonomy":"product_tag","embeddable":true,"href":"https:\/\/insmetan.com.ar\/web\/wp-json\/wp\/v2\/product_tag?post=2031"}],"curies":[{"name":"wp","href":"https:\/\/api.w.org\/{rel}","templated":true}]}}