{"id":2043,"date":"2022-11-30T23:23:27","date_gmt":"2022-11-30T23:23:27","guid":{"rendered":"https:\/\/insmetan.com.ar\/web\/?post_type=product&#038;p=2043"},"modified":"2022-11-30T23:36:53","modified_gmt":"2022-11-30T23:36:53","slug":"medidor-volumetrico-ma-1-de-precision-para-gas-oil","status":"publish","type":"product","link":"https:\/\/insmetan.com.ar\/web\/producto\/medidor-volumetrico-ma-1-de-precision-para-gas-oil\/","title":{"rendered":"Medidor Volum\u00e9trico MA 1&#8243; de PRECISI\u00d3N para Gas-Oil"},"content":{"rendered":"<p>Medidor Volum\u00e9trico MA 1&#8243; de PRECISI\u00d3N para Gas-Oil, equipado con nuevo Contador Digital con parcial y totalizador, y con Calibraci\u00f3n Autom\u00e1tica. Industria Nacional<\/p>\n<p>Consultar por otras medidas de 2\u2019\u2019, 3\u2019\u2019<br \/>\n* MEDIDOR VOLUM\u00c9TRICO (CAUDAL\u00cdMETRO) MA 1&#8243;, DE PRECISI\u00d3N:<br \/>\nMEDIDOR VOLUM\u00c9TRICO &#8211; CAUDAL\u00cdMETRO &#8211; BRODIE \u2013 TAXILITRO &#8211; CUENTALITROS<br \/>\nSISTEMA: A DESPLAZAMIENTO POSITIVO,<br \/>\nLIQUIDO: GAS-OIL,<br \/>\nMODELO: MA 1&#8243;<br \/>\nCAUDAL M\u00c1XIMO: 4.000 LITROS POR HORA M\u00c1XIMO = 4 M3\/HORA M\u00c1XIMO = 67 LPM. M\u00c1XIMO,<br \/>\nCAUDAL M\u00cdNIMO: 1.200 LITROS POR HORA M\u00cdNIMO = 1,2 M3\/HORA M\u00cdNIMO = 20 LPM. M\u00cdNIMO,<br \/>\nPRESI\u00d3N M\u00c1XIMA: 10 ATMOSFERAS MAX. = 10 KGS\/CM2 MAX.,<br \/>\nPRESI\u00d3N M\u00cdNIMA: 200 GRAMOS, O SEA, 2 METROS COLUMNA DE AGUA,<br \/>\nTEMPERATURA: AMBIENTE,<br \/>\nCONEXI\u00d3N: 1&#8243; ROSCA BSP, DE ENTRADA Y SALIDA,<br \/>\nDIMENSIONES: 220 MM. ENTRE ENTRADA Y SALIDA (ENTRE ROSCAS),<br \/>\nMARGEN DE ERROR A FLUJO CONSTANTE: 0.<br \/>\nMARGEN DE ERROR MAXIMO: +\/- 0,3% (3 LITROS CADA 1000 EN + O EN &#8211; , MAXIMO)<br \/>\nMATERIAL: CUERPO Y TAPAS DE FUNDICION GRIS, CON ROTOR DE ALUMINIO Y PALETAS Y AROS DE TEFLON GRAFITADO.<\/p>\n<p>EQUIPADO CON: * CONTADOR DIGITAL: A BATER\u00cdA (PILA) 9-12Vcc CON DISPLAY DE 6 D\u00cdGITOS PARCIALES CON PUESTA A CERO Y TOTALIZADOR EN EL MISMO DISPLAY, CON CALIBRACI\u00d3N POR MEDIO DE PROGRAMACI\u00d3N PREESCALER. (UNIDAD: LITRO)<\/p>\n<p>OPCIONAL: CERTIFICACI\u00d3N DE CALIBRACI\u00d3N DEL MEDIDOR VOLUM\u00c9TRICO BAJO NORMAS ISO 9001: 2000, CON TRAZABILIDAD INTI. (CONSULTAR PRECIO ADICIONAL)<\/p>\n<p>** ESTE MEDIDOR SALE STANDARD CON EL INGRESO DEL L\u00cdQUIDO \u201cDE IZQUIERDA A DERECHA\u201d, PERO SE PUEDE FABRICAR CON EL INGRESO DEL L\u00cdQUIDO \u201cDE DERECHA A IZQUIERDA\u201d \u00d3 EN FORMA VERTICAL \u201cDE ABAJO HACIA ARRIBA\u201d O \u201cDE ARRIBA HACIA ABAJO\u201d SOLICITAMOS NOS AVISEN CON ANTICIPACI\u00d3N YA QUE EL ARMADO Y FABRICACI\u00d3N ES DIFERENTE EN CADA CASO.<\/p>\n","protected":false},"excerpt":{"rendered":"<p>Medidor Volum\u00e9trico MA 1&#8243; de PRECISI\u00d3N para Gas-Oil, equipado con nuevo Contador Digital con parcial y totalizador, y con Calibraci\u00f3n Autom\u00e1tica. Industria Nacional Consultar por otras medidas de 2\u2019\u2019, 3\u2019\u2019 * MEDIDOR VOLUM\u00c9TRICO (CAUDAL\u00cdMETRO) MA 1&#8243;, DE PRECISI\u00d3N: MEDIDOR VOLUM\u00c9TRICO &#8211; CAUDAL\u00cdMETRO &#8211; BRODIE \u2013 TAXILITRO &#8211; CUENTALITROS SISTEMA: A DESPLAZAMIENTO POSITIVO, LIQUIDO: GAS-OIL, MODELO: [&hellip;]<\/p>\n","protected":false},"featured_media":2044,"comment_status":"closed","ping_status":"closed","template":"","meta":{"om_disable_all_campaigns":false,"_monsterinsights_skip_tracking":false,"_monsterinsights_sitenote_active":false,"_monsterinsights_sitenote_note":"","_monsterinsights_sitenote_category":0,"ocean_post_layout":"","ocean_both_sidebars_style":"","ocean_both_sidebars_content_width":0,"ocean_both_sidebars_sidebars_width":0,"ocean_sidebar":"0","ocean_second_sidebar":"0","ocean_disable_margins":"enable","ocean_add_body_class":"","ocean_shortcode_before_top_bar":"","ocean_shortcode_after_top_bar":"","ocean_shortcode_before_header":"","ocean_shortcode_after_header":"","ocean_has_shortcode":"","ocean_shortcode_after_title":"","ocean_shortcode_before_footer_widgets":"","ocean_shortcode_after_footer_widgets":"","ocean_shortcode_before_footer_bottom":"","ocean_shortcode_after_footer_bottom":"","ocean_display_top_bar":"default","ocean_display_header":"default","ocean_header_style":"","ocean_center_header_left_menu":"0","ocean_custom_header_template":"0","ocean_custom_logo":0,"ocean_custom_retina_logo":0,"ocean_custom_logo_max_width":0,"ocean_custom_logo_tablet_max_width":0,"ocean_custom_logo_mobile_max_width":0,"ocean_custom_logo_max_height":0,"ocean_custom_logo_tablet_max_height":0,"ocean_custom_logo_mobile_max_height":0,"ocean_header_custom_menu":"0","ocean_menu_typo_font_family":"0","ocean_menu_typo_font_subset":"","ocean_menu_typo_font_size":0,"ocean_menu_typo_font_size_tablet":0,"ocean_menu_typo_font_size_mobile":0,"ocean_menu_typo_font_size_unit":"px","ocean_menu_typo_font_weight":"","ocean_menu_typo_font_weight_tablet":"","ocean_menu_typo_font_weight_mobile":"","ocean_menu_typo_transform":"","ocean_menu_typo_transform_tablet":"","ocean_menu_typo_transform_mobile":"","ocean_menu_typo_line_height":0,"ocean_menu_typo_line_height_tablet":0,"ocean_menu_typo_line_height_mobile":0,"ocean_menu_typo_line_height_unit":"","ocean_menu_typo_spacing":0,"ocean_menu_typo_spacing_tablet":0,"ocean_menu_typo_spacing_mobile":0,"ocean_menu_typo_spacing_unit":"","ocean_menu_link_color":"","ocean_menu_link_color_hover":"","ocean_menu_link_color_active":"","ocean_menu_link_background":"","ocean_menu_link_hover_background":"","ocean_menu_link_active_background":"","ocean_menu_social_links_bg":"","ocean_menu_social_hover_links_bg":"","ocean_menu_social_links_color":"","ocean_menu_social_hover_links_color":"","ocean_disable_title":"default","ocean_disable_heading":"default","ocean_post_title":"","ocean_post_subheading":"","ocean_post_title_style":"","ocean_post_title_background_color":"","ocean_post_title_background":0,"ocean_post_title_bg_image_position":"","ocean_post_title_bg_image_attachment":"","ocean_post_title_bg_image_repeat":"","ocean_post_title_bg_image_size":"","ocean_post_title_height":0,"ocean_post_title_bg_overlay":0.5,"ocean_post_title_bg_overlay_color":"","ocean_disable_breadcrumbs":"default","ocean_breadcrumbs_color":"","ocean_breadcrumbs_separator_color":"","ocean_breadcrumbs_links_color":"","ocean_breadcrumbs_links_hover_color":"","ocean_display_footer_widgets":"default","ocean_display_footer_bottom":"default","ocean_custom_footer_template":"0"},"product_brand":[],"product_cat":[63],"product_tag":[104,75],"class_list":{"0":"post-2043","1":"product","2":"type-product","3":"status-publish","4":"has-post-thumbnail","6":"product_cat-medidores","7":"product_tag-caudalimetro","8":"product_tag-medidores","10":"entry","11":"has-media","13":"first","14":"instock","15":"shipping-taxable","16":"purchasable","17":"product-type-simple","18":"has-product-nav","19":"col","20":"span_1_of_3","21":"owp-content-center","22":"owp-thumbs-layout-horizontal","23":"owp-btn-normal","24":"owp-tabs-layout-horizontal"},"aioseo_notices":[],"_links":{"self":[{"href":"https:\/\/insmetan.com.ar\/web\/wp-json\/wp\/v2\/product\/2043","targetHints":{"allow":["GET"]}}],"collection":[{"href":"https:\/\/insmetan.com.ar\/web\/wp-json\/wp\/v2\/product"}],"about":[{"href":"https:\/\/insmetan.com.ar\/web\/wp-json\/wp\/v2\/types\/product"}],"replies":[{"embeddable":true,"href":"https:\/\/insmetan.com.ar\/web\/wp-json\/wp\/v2\/comments?post=2043"}],"wp:featuredmedia":[{"embeddable":true,"href":"https:\/\/insmetan.com.ar\/web\/wp-json\/wp\/v2\/media\/2044"}],"wp:attachment":[{"href":"https:\/\/insmetan.com.ar\/web\/wp-json\/wp\/v2\/media?parent=2043"}],"wp:term":[{"taxonomy":"product_brand","embeddable":true,"href":"https:\/\/insmetan.com.ar\/web\/wp-json\/wp\/v2\/product_brand?post=2043"},{"taxonomy":"product_cat","embeddable":true,"href":"https:\/\/insmetan.com.ar\/web\/wp-json\/wp\/v2\/product_cat?post=2043"},{"taxonomy":"product_tag","embeddable":true,"href":"https:\/\/insmetan.com.ar\/web\/wp-json\/wp\/v2\/product_tag?post=2043"}],"curies":[{"name":"wp","href":"https:\/\/api.w.org\/{rel}","templated":true}]}}