{"id":2169,"date":"2022-12-01T13:47:25","date_gmt":"2022-12-01T13:47:25","guid":{"rendered":"https:\/\/insmetan.com.ar\/web\/?post_type=product&#038;p=2169"},"modified":"2022-12-01T14:09:14","modified_gmt":"2022-12-01T14:09:14","slug":"surtidores-encore-500-s","status":"publish","type":"product","link":"https:\/\/insmetan.com.ar\/web\/producto\/surtidores-encore-500-s\/","title":{"rendered":"Surtidores Gilbarco Encore 500 S"},"content":{"rendered":"<p>Los Surtidores y Dispensadores Encore 500 S son la soluci\u00f3n ideal para brindar la mejor tecnolog\u00eda orientada hacia el cliente, con m\u00e1xima capacidad de personalizaci\u00f3n para adaptaci\u00f3n a su negocio espec\u00edfico. Estos surtidores\/dispensadores son el resultado de los estudios de mercado m\u00e1s exhaustivos que se hayan realizado en el mercado retail. De esta forma, se presentan los m\u00e1s nuevos conceptos de comercializaci\u00f3n, al utilizar tecnolog\u00edas de innovadoras, adapt\u00e1ndose a las necesidades cambiantes del mercado.<br \/>\nEnfocado brindar siempre las ventajas m\u00e1s competitivas con la m\u00e1s alta tecnolog\u00eda, el Encore 500 S puede expandirse y optimizarse f\u00e1cilmente para adoptar los actuales o futuros desaf\u00edos que puedan presentarse.<\/p>\n<p><strong>Tecnolog\u00eda \u00fanica:<\/strong><br \/>\nEl surtidor Encore\u00ae 500 S tiene una interfaz intuitiva y centralizada que permite r\u00e1pidas transacciones y de esta forma mejora la atenci\u00f3n brindada a sus clientes. Integre tecnolog\u00edas de despacho de combustible, Punto de Venta (POS) y comercializaci\u00f3n creando soluciones globales en la gesti\u00f3n de negocios.<br \/>\nSeguridad garantizada:<br \/>\nEl dispensador de seguridad mejorada les exhibe a los clientes exactamente lo que gastan, mientras reduce posibles p\u00e9rdidas por varianza. Su software \u00fanico de seguridad \u201cNo Pulse-No Flow\u201d le garantiza tranquilidad en sus despachos, evitando accidentes y p\u00e9rdidas.<br \/>\nDise\u00f1o Inteligente:<br \/>\nDise\u00f1ado pensado para la captaci\u00f3n y fidelizaci\u00f3n de clientes, el Encore 500\u00ae S posee una est\u00e9tica \u00fanica &#8211; producto de la optimizaci\u00f3n en el dise\u00f1o de bezel y columnas que inspiran confianza, confort y lealtad. El Canopy Brand View y \u00e1rea de gr\u00e1ficos se encuentra a nivel de la vista del cliente, permitiendo reforzar la imagen de marca.<\/p>\n<p><strong>Caracter\u00edsticas est\u00e1ndar:<\/strong><br \/>\n\u2022 1 a\u00f1o de garant\u00eda incluyendo el trabajo<br \/>\n\u2022 2 a\u00f1os de garant\u00eda contra la corrosi\u00f3n<br \/>\n\u2022 Se\u00f1ales de iluminaci\u00f3n<br \/>\n\u2022 No pulse, no flow<br \/>\n\u2022 Cierre de seguridad oculto<br \/>\n\u2022 Salidas de manguera en \u00e1ngulo<br \/>\n\u2022 Iluminaci\u00f3n LED de pantalla<br \/>\n\u2022 Pantalla QVGA 5.7\u201d<\/p>\n<p><strong>Opcionales:<\/strong><br \/>\n\u2022 PPU de 5 d\u00edgitos<br \/>\n\u2022 Sistema de Medios Applause\u2122 TV<br \/>\n\u2022 Esc\u00e1ner de c\u00f3digo de barras<br \/>\n\u2022 Marca Muestra de canopy<br \/>\n\u2022 ISD listo para la recuperaci\u00f3n de vapores<br \/>\n\u2022 Manguera alta para m\u00faltiples productos y dispensadores (doble\/s\u00e9xtuple)<br \/>\n\u2022 Lector de tarjetas contactless<br \/>\n\u2022 FlexPay\u2122 Encrypting PIN Pad (EPP)*<br \/>\n\u2022 FlexPay Secure Card Reader (SCR)*<br \/>\n\u2022 Indicador Iluminado en caso de uso de Satelite<br \/>\n\u2022 Lector de C\u00f3digo de Barras<br \/>\n\u2022 Dos niveles de precios de env\u00edo<br \/>\n\u2022 Gr\u00e1ficos personalizables<br \/>\n\u2022 Totalizadores electromec\u00e1nicos<\/p>\n<p>* Bajo integraci\u00f3n de soluci\u00f3n de pago electr\u00f3nico<\/p>\n","protected":false},"excerpt":{"rendered":"<p>Los Surtidores y Dispensadores Encore 500 S son la soluci\u00f3n ideal para brindar la mejor tecnolog\u00eda orientada hacia el cliente, con m\u00e1xima capacidad de personalizaci\u00f3n para adaptaci\u00f3n a su negocio espec\u00edfico. Estos surtidores\/dispensadores son el resultado de los estudios de mercado m\u00e1s exhaustivos que se hayan realizado en el mercado retail. De esta forma, se [&hellip;]<\/p>\n","protected":false},"featured_media":2170,"comment_status":"closed","ping_status":"closed","template":"","meta":{"om_disable_all_campaigns":false,"_monsterinsights_skip_tracking":false,"_monsterinsights_sitenote_active":false,"_monsterinsights_sitenote_note":"","_monsterinsights_sitenote_category":0,"ocean_post_layout":"","ocean_both_sidebars_style":"","ocean_both_sidebars_content_width":0,"ocean_both_sidebars_sidebars_width":0,"ocean_sidebar":"0","ocean_second_sidebar":"0","ocean_disable_margins":"enable","ocean_add_body_class":"","ocean_shortcode_before_top_bar":"","ocean_shortcode_after_top_bar":"","ocean_shortcode_before_header":"","ocean_shortcode_after_header":"","ocean_has_shortcode":"","ocean_shortcode_after_title":"","ocean_shortcode_before_footer_widgets":"","ocean_shortcode_after_footer_widgets":"","ocean_shortcode_before_footer_bottom":"","ocean_shortcode_after_footer_bottom":"","ocean_display_top_bar":"default","ocean_display_header":"default","ocean_header_style":"","ocean_center_header_left_menu":"0","ocean_custom_header_template":"0","ocean_custom_logo":0,"ocean_custom_retina_logo":0,"ocean_custom_logo_max_width":0,"ocean_custom_logo_tablet_max_width":0,"ocean_custom_logo_mobile_max_width":0,"ocean_custom_logo_max_height":0,"ocean_custom_logo_tablet_max_height":0,"ocean_custom_logo_mobile_max_height":0,"ocean_header_custom_menu":"0","ocean_menu_typo_font_family":"0","ocean_menu_typo_font_subset":"","ocean_menu_typo_font_size":0,"ocean_menu_typo_font_size_tablet":0,"ocean_menu_typo_font_size_mobile":0,"ocean_menu_typo_font_size_unit":"px","ocean_menu_typo_font_weight":"","ocean_menu_typo_font_weight_tablet":"","ocean_menu_typo_font_weight_mobile":"","ocean_menu_typo_transform":"","ocean_menu_typo_transform_tablet":"","ocean_menu_typo_transform_mobile":"","ocean_menu_typo_line_height":0,"ocean_menu_typo_line_height_tablet":0,"ocean_menu_typo_line_height_mobile":0,"ocean_menu_typo_line_height_unit":"","ocean_menu_typo_spacing":0,"ocean_menu_typo_spacing_tablet":0,"ocean_menu_typo_spacing_mobile":0,"ocean_menu_typo_spacing_unit":"","ocean_menu_link_color":"","ocean_menu_link_color_hover":"","ocean_menu_link_color_active":"","ocean_menu_link_background":"","ocean_menu_link_hover_background":"","ocean_menu_link_active_background":"","ocean_menu_social_links_bg":"","ocean_menu_social_hover_links_bg":"","ocean_menu_social_links_color":"","ocean_menu_social_hover_links_color":"","ocean_disable_title":"default","ocean_disable_heading":"default","ocean_post_title":"","ocean_post_subheading":"","ocean_post_title_style":"","ocean_post_title_background_color":"","ocean_post_title_background":0,"ocean_post_title_bg_image_position":"","ocean_post_title_bg_image_attachment":"","ocean_post_title_bg_image_repeat":"","ocean_post_title_bg_image_size":"","ocean_post_title_height":0,"ocean_post_title_bg_overlay":0.5,"ocean_post_title_bg_overlay_color":"","ocean_disable_breadcrumbs":"default","ocean_breadcrumbs_color":"","ocean_breadcrumbs_separator_color":"","ocean_breadcrumbs_links_color":"","ocean_breadcrumbs_links_hover_color":"","ocean_display_footer_widgets":"default","ocean_display_footer_bottom":"default","ocean_custom_footer_template":"0"},"product_brand":[],"product_cat":[64],"product_tag":[105,76],"class_list":{"0":"post-2169","1":"product","2":"type-product","3":"status-publish","4":"has-post-thumbnail","6":"product_cat-surtidores","7":"product_tag-gilbarco","8":"product_tag-surtidores","10":"entry","11":"has-media","13":"first","14":"instock","15":"shipping-taxable","16":"purchasable","17":"product-type-simple","18":"has-product-nav","19":"col","20":"span_1_of_3","21":"owp-content-center","22":"owp-thumbs-layout-horizontal","23":"owp-btn-normal","24":"owp-tabs-layout-horizontal"},"aioseo_notices":[],"_links":{"self":[{"href":"https:\/\/insmetan.com.ar\/web\/wp-json\/wp\/v2\/product\/2169","targetHints":{"allow":["GET"]}}],"collection":[{"href":"https:\/\/insmetan.com.ar\/web\/wp-json\/wp\/v2\/product"}],"about":[{"href":"https:\/\/insmetan.com.ar\/web\/wp-json\/wp\/v2\/types\/product"}],"replies":[{"embeddable":true,"href":"https:\/\/insmetan.com.ar\/web\/wp-json\/wp\/v2\/comments?post=2169"}],"wp:featuredmedia":[{"embeddable":true,"href":"https:\/\/insmetan.com.ar\/web\/wp-json\/wp\/v2\/media\/2170"}],"wp:attachment":[{"href":"https:\/\/insmetan.com.ar\/web\/wp-json\/wp\/v2\/media?parent=2169"}],"wp:term":[{"taxonomy":"product_brand","embeddable":true,"href":"https:\/\/insmetan.com.ar\/web\/wp-json\/wp\/v2\/product_brand?post=2169"},{"taxonomy":"product_cat","embeddable":true,"href":"https:\/\/insmetan.com.ar\/web\/wp-json\/wp\/v2\/product_cat?post=2169"},{"taxonomy":"product_tag","embeddable":true,"href":"https:\/\/insmetan.com.ar\/web\/wp-json\/wp\/v2\/product_tag?post=2169"}],"curies":[{"name":"wp","href":"https:\/\/api.w.org\/{rel}","templated":true}]}}