{"id":2175,"date":"2022-12-01T14:12:05","date_gmt":"2022-12-01T14:12:05","guid":{"rendered":"https:\/\/insmetan.com.ar\/web\/?post_type=product&#038;p=2175"},"modified":"2022-12-01T14:16:55","modified_gmt":"2022-12-01T14:16:55","slug":"surtidores-gilbarco-legacy","status":"publish","type":"product","link":"https:\/\/insmetan.com.ar\/web\/producto\/surtidores-gilbarco-legacy\/","title":{"rendered":"Surtidores Gilbarco Legacy"},"content":{"rendered":"<p>Los Surtidores y Dispensadores electr\u00f3nicos de combustible Legacy\u00ae son la soluci\u00f3n simple y rendidora en la provisi\u00f3n de combustible de Gilbarco Veeder-Root. Dise\u00f1ados espec\u00edficamente para brindarle el mayor beneficio a su negocio y aplicando lo mejor de nuestra tecnolog\u00eda al menor precio posible, los surtidores y dispensadores Legacy\u00ae poseen un f\u00e1cil acceso a los componentes, acelerando los trabajos de servicio t\u00e9cnico, y a la vez minimizando los tiempos de interrupci\u00f3n por mantenimiento.<br \/>\nLos Surtidores y Dispensadores de combustible Legacy\u00ae disponen de una electr\u00f3nica capaz de comunicarse con controladores, cajas registradoras y otros equipos, permitiendo una gesti\u00f3n avanzada y completa de su estaci\u00f3n de servicio o punto de abastecimiento.<br \/>\nObtenga transacciones confiables a menores costos y con mayores m\u00e1rgenes de ganancias de la mano de esta l\u00ednea de econ\u00f3micos equipos.<\/p>\n<p><strong>Caracter\u00edsticas distintivas claves:<\/strong><br \/>\n\u2022 Hidr\u00e1ulica simplificada y de mejor acceso.<br \/>\n\u2022 Predeterminador programable: el cliente o el empleado establecen de antemano la cantidad exacta de dinero o volumen por medio del teclado num\u00e9rico.<br \/>\n\u2022 Conexiones hidr\u00e1ulicas reducidas al 50%, minimizando los posibles puntos de fuga.<br \/>\n\u2022 Display f\u00e1cil de leer con color de fondo anaranjado<br \/>\n\u2022 M\u00e9todo de activaci\u00f3n Auto-On<br \/>\n\u2022 Totalizadores electromec\u00e1nicos.<\/p>\n<p><strong>Caracter\u00edsticas est\u00e1ndar:<\/strong><br \/>\n\u2022 Medici\u00f3n en galones, litros o galones imperiales<br \/>\n\u2022 Metro \u201cC\u201d para los modelos de flujo de est\u00e1ndar y de alto flujo<br \/>\n\u2022 Bomba Gerotor de engranajes con sistema de separaci\u00f3n de aire pasiva &#8211; 3\/4 caballos de fuerza del motor (aut\u00f3nomos s\u00f3lo en algunos modelos)<br \/>\n\u2022 Totalizadores Electro-mec\u00e1nicos<br \/>\n\u2022 Medidores de Liquid Controls\u00ae para modelos Ultra-Hi<br \/>\n\u2022 Programable para 6 d\u00edgitos ($ xxxx.xx)<\/p>\n<p><strong>Opcionales:<\/strong><br \/>\n\u2022 Puertas de acero inoxidable<br \/>\n\u2022 Preset incremental \/ 5 botones<br \/>\n\u2022 Indicadores visuales de despacho en equipos sat\u00e9lites<br \/>\n\u2022 Mangueras: 12 &#8216;x 3\/4 \u00abpara el flujo normal; de 12&#8217; x 1\u00bb para las unidades de alta tasa de flujo (alto caudal)<\/p>\n","protected":false},"excerpt":{"rendered":"<p>Los Surtidores y Dispensadores electr\u00f3nicos de combustible Legacy\u00ae son la soluci\u00f3n simple y rendidora en la provisi\u00f3n de combustible de Gilbarco Veeder-Root. Dise\u00f1ados espec\u00edficamente para brindarle el mayor beneficio a su negocio y aplicando lo mejor de nuestra tecnolog\u00eda al menor precio posible, los surtidores y dispensadores Legacy\u00ae poseen un f\u00e1cil acceso a los componentes, [&hellip;]<\/p>\n","protected":false},"featured_media":2177,"comment_status":"closed","ping_status":"closed","template":"","meta":{"om_disable_all_campaigns":false,"_monsterinsights_skip_tracking":false,"_monsterinsights_sitenote_active":false,"_monsterinsights_sitenote_note":"","_monsterinsights_sitenote_category":0,"ocean_post_layout":"","ocean_both_sidebars_style":"","ocean_both_sidebars_content_width":0,"ocean_both_sidebars_sidebars_width":0,"ocean_sidebar":"0","ocean_second_sidebar":"0","ocean_disable_margins":"enable","ocean_add_body_class":"","ocean_shortcode_before_top_bar":"","ocean_shortcode_after_top_bar":"","ocean_shortcode_before_header":"","ocean_shortcode_after_header":"","ocean_has_shortcode":"","ocean_shortcode_after_title":"","ocean_shortcode_before_footer_widgets":"","ocean_shortcode_after_footer_widgets":"","ocean_shortcode_before_footer_bottom":"","ocean_shortcode_after_footer_bottom":"","ocean_display_top_bar":"default","ocean_display_header":"default","ocean_header_style":"","ocean_center_header_left_menu":"0","ocean_custom_header_template":"0","ocean_custom_logo":0,"ocean_custom_retina_logo":0,"ocean_custom_logo_max_width":0,"ocean_custom_logo_tablet_max_width":0,"ocean_custom_logo_mobile_max_width":0,"ocean_custom_logo_max_height":0,"ocean_custom_logo_tablet_max_height":0,"ocean_custom_logo_mobile_max_height":0,"ocean_header_custom_menu":"0","ocean_menu_typo_font_family":"0","ocean_menu_typo_font_subset":"","ocean_menu_typo_font_size":0,"ocean_menu_typo_font_size_tablet":0,"ocean_menu_typo_font_size_mobile":0,"ocean_menu_typo_font_size_unit":"px","ocean_menu_typo_font_weight":"","ocean_menu_typo_font_weight_tablet":"","ocean_menu_typo_font_weight_mobile":"","ocean_menu_typo_transform":"","ocean_menu_typo_transform_tablet":"","ocean_menu_typo_transform_mobile":"","ocean_menu_typo_line_height":0,"ocean_menu_typo_line_height_tablet":0,"ocean_menu_typo_line_height_mobile":0,"ocean_menu_typo_line_height_unit":"","ocean_menu_typo_spacing":0,"ocean_menu_typo_spacing_tablet":0,"ocean_menu_typo_spacing_mobile":0,"ocean_menu_typo_spacing_unit":"","ocean_menu_link_color":"","ocean_menu_link_color_hover":"","ocean_menu_link_color_active":"","ocean_menu_link_background":"","ocean_menu_link_hover_background":"","ocean_menu_link_active_background":"","ocean_menu_social_links_bg":"","ocean_menu_social_hover_links_bg":"","ocean_menu_social_links_color":"","ocean_menu_social_hover_links_color":"","ocean_disable_title":"default","ocean_disable_heading":"default","ocean_post_title":"","ocean_post_subheading":"","ocean_post_title_style":"","ocean_post_title_background_color":"","ocean_post_title_background":0,"ocean_post_title_bg_image_position":"","ocean_post_title_bg_image_attachment":"","ocean_post_title_bg_image_repeat":"","ocean_post_title_bg_image_size":"","ocean_post_title_height":0,"ocean_post_title_bg_overlay":0.5,"ocean_post_title_bg_overlay_color":"","ocean_disable_breadcrumbs":"default","ocean_breadcrumbs_color":"","ocean_breadcrumbs_separator_color":"","ocean_breadcrumbs_links_color":"","ocean_breadcrumbs_links_hover_color":"","ocean_display_footer_widgets":"default","ocean_display_footer_bottom":"default","ocean_custom_footer_template":"0"},"product_brand":[],"product_cat":[64],"product_tag":[105,76],"class_list":{"0":"post-2175","1":"product","2":"type-product","3":"status-publish","4":"has-post-thumbnail","6":"product_cat-surtidores","7":"product_tag-gilbarco","8":"product_tag-surtidores","10":"entry","11":"has-media","13":"first","14":"instock","15":"shipping-taxable","16":"purchasable","17":"product-type-simple","18":"has-product-nav","19":"col","20":"span_1_of_3","21":"owp-content-center","22":"owp-thumbs-layout-horizontal","23":"owp-btn-normal","24":"owp-tabs-layout-horizontal"},"aioseo_notices":[],"_links":{"self":[{"href":"https:\/\/insmetan.com.ar\/web\/wp-json\/wp\/v2\/product\/2175","targetHints":{"allow":["GET"]}}],"collection":[{"href":"https:\/\/insmetan.com.ar\/web\/wp-json\/wp\/v2\/product"}],"about":[{"href":"https:\/\/insmetan.com.ar\/web\/wp-json\/wp\/v2\/types\/product"}],"replies":[{"embeddable":true,"href":"https:\/\/insmetan.com.ar\/web\/wp-json\/wp\/v2\/comments?post=2175"}],"wp:featuredmedia":[{"embeddable":true,"href":"https:\/\/insmetan.com.ar\/web\/wp-json\/wp\/v2\/media\/2177"}],"wp:attachment":[{"href":"https:\/\/insmetan.com.ar\/web\/wp-json\/wp\/v2\/media?parent=2175"}],"wp:term":[{"taxonomy":"product_brand","embeddable":true,"href":"https:\/\/insmetan.com.ar\/web\/wp-json\/wp\/v2\/product_brand?post=2175"},{"taxonomy":"product_cat","embeddable":true,"href":"https:\/\/insmetan.com.ar\/web\/wp-json\/wp\/v2\/product_cat?post=2175"},{"taxonomy":"product_tag","embeddable":true,"href":"https:\/\/insmetan.com.ar\/web\/wp-json\/wp\/v2\/product_tag?post=2175"}],"curies":[{"name":"wp","href":"https:\/\/api.w.org\/{rel}","templated":true}]}}